{"id":208,"date":"2016-01-20T09:32:02","date_gmt":"2016-01-20T08:32:02","guid":{"rendered":"https:\/\/stlouisdemontfort-lachevroliere.fr\/?page_id=208"},"modified":"2024-11-08T12:26:01","modified_gmt":"2024-11-08T11:26:01","slug":"horaires-2","status":"publish","type":"page","link":"https:\/\/stlouisdemontfort-lachevroliere.fr\/?page_id=208","title":{"rendered":"Horaires"},"content":{"rendered":"<p style=\"text-align: center;\"><span style=\"color: #008000;\"><strong>&nbsp;<\/strong><strong>HORAIRES<\/strong><\/span><\/p>\n<p style=\"text-align: center;\"><strong>&nbsp;<\/strong><strong>Lundi, mardi, jeudi et vendredi&nbsp;:<\/strong><\/p>\n<p style=\"text-align: center;\"><strong>Maternelle, CP et CE1&nbsp;: <u>8H45<\/u> \u00e0 12H20 et <u>13H40<\/u>&nbsp;\u00e0 16H15 <\/strong><\/p>\n<p style=\"text-align: center;\"><strong>CE2, CM1 et CM2&nbsp;&nbsp;&nbsp;&nbsp;&nbsp;&nbsp;&nbsp; : <u>8H45<\/u> \u00e0 12H35 et <u>13H55<\/u>&nbsp;\u00e0 16H15<\/strong><\/p>\n<p>&nbsp;<\/p>\n<p><em>Pour les quelques mercredis matin travaill\u00e9s, l\u2019heure de fin est fix\u00e9e \u00e0 <strong><u>12H00.<\/u><\/strong><\/em><\/p>\n<p>Les portes des classes sont ouvertes 10 minutes avant le d\u00e9but des cours et ferm\u00e9es 10 minutes apr\u00e8s la fin des cours.<\/p>\n","protected":false},"excerpt":{"rendered":"<p>&nbsp;HORAIRES &nbsp;Lundi, mardi, jeudi et vendredi&nbsp;: Maternelle, CP et CE1&nbsp;: 8H45 \u00e0 12H20 et 13H40&nbsp;\u00e0 16H15 CE2, CM1 et CM2&nbsp;&nbsp;&nbsp;&nbsp;&nbsp;&nbsp;&nbsp; : 8H45 \u00e0 12H35 et 13H55&nbsp;\u00e0 16H15 &nbsp; Pour les quelques mercredis matin travaill\u00e9s, l\u2019heure de fin est fix\u00e9e \u00e0 12H00. Les portes des classes sont ouvertes 10 minutes avant le d\u00e9but des cours et<\/p>\n<p><a href=\"https:\/\/stlouisdemontfort-lachevroliere.fr\/?page_id=208\" class=\"more-link themebutton\">Lire la suite<\/a><\/p>\n","protected":false},"author":2,"featured_media":0,"parent":0,"menu_order":0,"comment_status":"closed","ping_status":"closed","template":"","meta":{"ngg_post_thumbnail":0,"footnotes":""},"_links":{"self":[{"href":"https:\/\/stlouisdemontfort-lachevroliere.fr\/index.php?rest_route=\/wp\/v2\/pages\/208"}],"collection":[{"href":"https:\/\/stlouisdemontfort-lachevroliere.fr\/index.php?rest_route=\/wp\/v2\/pages"}],"about":[{"href":"https:\/\/stlouisdemontfort-lachevroliere.fr\/index.php?rest_route=\/wp\/v2\/types\/page"}],"author":[{"embeddable":true,"href":"https:\/\/stlouisdemontfort-lachevroliere.fr\/index.php?rest_route=\/wp\/v2\/users\/2"}],"replies":[{"embeddable":true,"href":"https:\/\/stlouisdemontfort-lachevroliere.fr\/index.php?rest_route=%2Fwp%2Fv2%2Fcomments&post=208"}],"version-history":[{"count":6,"href":"https:\/\/stlouisdemontfort-lachevroliere.fr\/index.php?rest_route=\/wp\/v2\/pages\/208\/revisions"}],"predecessor-version":[{"id":16767,"href":"https:\/\/stlouisdemontfort-lachevroliere.fr\/index.php?rest_route=\/wp\/v2\/pages\/208\/revisions\/16767"}],"wp:attachment":[{"href":"https:\/\/stlouisdemontfort-lachevroliere.fr\/index.php?rest_route=%2Fwp%2Fv2%2Fmedia&parent=208"}],"curies":[{"name":"wp","href":"https:\/\/api.w.org\/{rel}","templated":true}]}}