{"id":211,"date":"2016-01-20T09:49:44","date_gmt":"2016-01-20T08:49:44","guid":{"rendered":"https:\/\/stlouisdemontfort-lachevroliere.fr\/?page_id=211"},"modified":"2025-08-09T11:41:59","modified_gmt":"2025-08-09T10:41:59","slug":"dates-importantes","status":"publish","type":"page","link":"https:\/\/stlouisdemontfort-lachevroliere.fr\/?page_id=211","title":{"rendered":"Dates importantes"},"content":{"rendered":"<p style=\"text-align: center;\"><strong>Quelques dates \u00e0 retenir<\/strong><\/p>\n<p><strong>Quelques dates \u00e0 retenir<\/strong><\/p>\n<p><strong>Vendredi 29 ao\u00fbt 2025<\/strong>&nbsp;: porte ouverte pour les PS, MS, CP et nouveaux \u00e9l\u00e8ves<\/p>\n<p><strong>Lundi 1er septembre 2025<\/strong>&nbsp;: rentr\u00e9e des \u00e9l\u00e8ves Saint-Louis de Montfort<\/p>\n<p><strong>Jeudi 2 et vendredi 3 octobre<\/strong>&nbsp;: photos scolaires<\/p>\n<p><strong>Vendredi 3 octobre<\/strong>&nbsp;: cross du coll\u00e8ge Lamorici\u00e8re avec les CM2<\/p>\n<p><strong>Mercredi 12 novembre&nbsp;<\/strong>: classe le matin<\/p>\n<p><strong>Jeudi 20 novembre<\/strong>&nbsp;: premier conseil d&rsquo;\u00e9tablissement avec les d\u00e9l\u00e9gu\u00e9s de l&rsquo;\u00e9cole<\/p>\n<p><strong>Samedi 29 novembre<\/strong>&nbsp;:&nbsp;<strong>matin\u00e9e porte ouverte pour les nouvelles familles<\/strong><\/p>\n<p><strong>Mardi 2 d\u00e9cembre<\/strong>&nbsp;: spectacle de No\u00ebl<\/p>\n<p><strong>Vendredi 12 d\u00e9cembre<\/strong>&nbsp;: march\u00e9 de No\u00ebl<\/p>\n<p><strong>Jeudi 18 d\u00e9cembre<\/strong>&nbsp;: c\u00e9l\u00e9bration de No\u00ebl<\/p>\n<p><strong>Vendredi 13 f\u00e9vrier<\/strong>&nbsp;: journ\u00e9e p\u00e9dagogique, les \u00e9l\u00e8ves n&rsquo;auront pas classe<\/p>\n<p><strong>Lundi 16 mars<\/strong>&nbsp;: deuxi\u00e8me conseil d&rsquo;\u00e9tablissement avec les d\u00e9l\u00e9gu\u00e9s de l&rsquo;\u00e9cole<\/p>\n<p><strong>Du lundi 23 mars au vendredi 27 mars&nbsp;<\/strong>: classe de mer des CM1 et CM2<\/p>\n<p><strong>Mercredi 8 avril&nbsp;<\/strong>: classe le matin<\/p>\n<p><strong>Samedi 30 mai<\/strong>&nbsp;: march\u00e9 de printemps, classe le matin<\/p>\n<p><strong>Lundi 8 juin&nbsp;<\/strong>: troisi\u00e8me conseil d&rsquo;\u00e9tablissement avec les d\u00e9l\u00e9gu\u00e9s de l&rsquo;\u00e9cole<\/p>\n<p><strong>Vendredi 5 juin<\/strong>&nbsp;: journ\u00e9e handi-sport<\/p>\n<p><strong>Vendredi 16 juin<\/strong>&nbsp;:&nbsp;<strong>r\u00e9union des nouvelles familles de PS<\/strong><\/p>\n<p><strong>Samedi 20 juin<\/strong>&nbsp;: kermesse&nbsp;<\/p>\n<p><strong>Lundi 29 juin<\/strong>&nbsp;: journ\u00e9e anglaise<\/p>\n<p><strong>Vendredi 3 juillet<\/strong>&nbsp;: vacances scolaires<\/p>\n","protected":false},"excerpt":{"rendered":"<p>Quelques dates \u00e0 retenir Quelques dates \u00e0 retenir Vendredi 29 ao\u00fbt 2025&nbsp;: porte ouverte pour les PS, MS, CP et nouveaux \u00e9l\u00e8ves Lundi 1er septembre 2025&nbsp;: rentr\u00e9e des \u00e9l\u00e8ves Saint-Louis de Montfort Jeudi 2 et vendredi 3 octobre&nbsp;: photos scolaires Vendredi 3 octobre&nbsp;: cross du coll\u00e8ge Lamorici\u00e8re avec les CM2 Mercredi 12 novembre&nbsp;: classe le<\/p>\n<p><a href=\"https:\/\/stlouisdemontfort-lachevroliere.fr\/?page_id=211\" class=\"more-link themebutton\">Lire la suite<\/a><\/p>\n","protected":false},"author":2,"featured_media":0,"parent":0,"menu_order":0,"comment_status":"closed","ping_status":"closed","template":"","meta":{"ngg_post_thumbnail":0,"footnotes":""},"_links":{"self":[{"href":"https:\/\/stlouisdemontfort-lachevroliere.fr\/index.php?rest_route=\/wp\/v2\/pages\/211"}],"collection":[{"href":"https:\/\/stlouisdemontfort-lachevroliere.fr\/index.php?rest_route=\/wp\/v2\/pages"}],"about":[{"href":"https:\/\/stlouisdemontfort-lachevroliere.fr\/index.php?rest_route=\/wp\/v2\/types\/page"}],"author":[{"embeddable":true,"href":"https:\/\/stlouisdemontfort-lachevroliere.fr\/index.php?rest_route=\/wp\/v2\/users\/2"}],"replies":[{"embeddable":true,"href":"https:\/\/stlouisdemontfort-lachevroliere.fr\/index.php?rest_route=%2Fwp%2Fv2%2Fcomments&post=211"}],"version-history":[{"count":7,"href":"https:\/\/stlouisdemontfort-lachevroliere.fr\/index.php?rest_route=\/wp\/v2\/pages\/211\/revisions"}],"predecessor-version":[{"id":16801,"href":"https:\/\/stlouisdemontfort-lachevroliere.fr\/index.php?rest_route=\/wp\/v2\/pages\/211\/revisions\/16801"}],"wp:attachment":[{"href":"https:\/\/stlouisdemontfort-lachevroliere.fr\/index.php?rest_route=%2Fwp%2Fv2%2Fmedia&parent=211"}],"curies":[{"name":"wp","href":"https:\/\/api.w.org\/{rel}","templated":true}]}}