{"id":216,"date":"2016-01-20T10:03:48","date_gmt":"2016-01-20T09:03:48","guid":{"rendered":"https:\/\/stlouisdemontfort-lachevroliere.fr\/?page_id=216"},"modified":"2025-08-09T11:44:20","modified_gmt":"2025-08-09T10:44:20","slug":"garderie","status":"publish","type":"page","link":"https:\/\/stlouisdemontfort-lachevroliere.fr\/?page_id=216","title":{"rendered":"Garderie"},"content":{"rendered":"<p style=\"text-align: center;\">Un service de garderie est propos\u00e9 aux familles le matin avant la classe et le soir apr\u00e8s la classe.<\/p>\n<p style=\"text-align: center;\"><strong><span style=\"color: #ff00ff;\">Lundi, mardi, jeudi et vendredi&nbsp;<\/span><\/strong><br \/>\nle matin \u00e0 partir de 7h45<br \/>\nle soir jusqu&rsquo;\u00e0 18h15&nbsp;<\/p>\n<p style=\"text-align: center;\">Tarif : 0.07\u20ac\/min<\/p>\n<p>&nbsp;&nbsp;&nbsp;&nbsp;&nbsp;&nbsp;&nbsp;&nbsp;&nbsp;&nbsp;&nbsp;&nbsp;&nbsp;&nbsp;&nbsp;&nbsp;&nbsp;&nbsp; <span style=\"color: #ff00ff;\">&nbsp;<strong> Le mercredi matin<\/strong><\/span>, l&rsquo;\u00e9tablissement a mis en place une garderie un prestataire ext\u00e9rieur, l&rsquo;UFCV, de 7H00 \u00e0 13H00<\/p>\n<p>&nbsp;<\/p>\n<p style=\"text-align: center;\">Possibilit\u00e9 d&rsquo;utiliser le p\u00e9riscolaire municipal matin et soir (amplitude horaire plus importante) : se renseigner en mairie. (ou <a href=\"http:\/\/www.mairie-lachevroliere.com\/mon-quotidien\/vie-scolaire\/laccueil-periscolaire\/\">cliquer ici<\/a>)<\/p>\n<div id=\"sconnect-is-installed\" style=\"display: none;\">&nbsp;<\/div>\n","protected":false},"excerpt":{"rendered":"<p>Un service de garderie est propos\u00e9 aux familles le matin avant la classe et le soir apr\u00e8s la classe. Lundi, mardi, jeudi et vendredi&nbsp; le matin \u00e0 partir de 7h45 le soir jusqu&rsquo;\u00e0 18h15&nbsp; Tarif : 0.07\u20ac\/min &nbsp;&nbsp;&nbsp;&nbsp;&nbsp;&nbsp;&nbsp;&nbsp;&nbsp;&nbsp;&nbsp;&nbsp;&nbsp;&nbsp;&nbsp;&nbsp;&nbsp;&nbsp; &nbsp; Le mercredi matin, l&rsquo;\u00e9tablissement a mis en place une garderie un prestataire ext\u00e9rieur, l&rsquo;UFCV, de 7H00<\/p>\n<p><a href=\"https:\/\/stlouisdemontfort-lachevroliere.fr\/?page_id=216\" class=\"more-link themebutton\">Lire la suite<\/a><\/p>\n","protected":false},"author":2,"featured_media":0,"parent":0,"menu_order":0,"comment_status":"closed","ping_status":"closed","template":"","meta":{"ngg_post_thumbnail":0,"footnotes":""},"_links":{"self":[{"href":"https:\/\/stlouisdemontfort-lachevroliere.fr\/index.php?rest_route=\/wp\/v2\/pages\/216"}],"collection":[{"href":"https:\/\/stlouisdemontfort-lachevroliere.fr\/index.php?rest_route=\/wp\/v2\/pages"}],"about":[{"href":"https:\/\/stlouisdemontfort-lachevroliere.fr\/index.php?rest_route=\/wp\/v2\/types\/page"}],"author":[{"embeddable":true,"href":"https:\/\/stlouisdemontfort-lachevroliere.fr\/index.php?rest_route=\/wp\/v2\/users\/2"}],"replies":[{"embeddable":true,"href":"https:\/\/stlouisdemontfort-lachevroliere.fr\/index.php?rest_route=%2Fwp%2Fv2%2Fcomments&post=216"}],"version-history":[{"count":7,"href":"https:\/\/stlouisdemontfort-lachevroliere.fr\/index.php?rest_route=\/wp\/v2\/pages\/216\/revisions"}],"predecessor-version":[{"id":16803,"href":"https:\/\/stlouisdemontfort-lachevroliere.fr\/index.php?rest_route=\/wp\/v2\/pages\/216\/revisions\/16803"}],"wp:attachment":[{"href":"https:\/\/stlouisdemontfort-lachevroliere.fr\/index.php?rest_route=%2Fwp%2Fv2%2Fmedia&parent=216"}],"curies":[{"name":"wp","href":"https:\/\/api.w.org\/{rel}","templated":true}]}}