{"id":239,"date":"2016-01-20T11:12:12","date_gmt":"2016-01-20T10:12:12","guid":{"rendered":"https:\/\/stlouisdemontfort-lachevroliere.fr\/?page_id=239"},"modified":"2016-01-20T11:12:12","modified_gmt":"2016-01-20T10:12:12","slug":"les-missions-2","status":"publish","type":"page","link":"https:\/\/stlouisdemontfort-lachevroliere.fr\/?page_id=239","title":{"rendered":"Les missions"},"content":{"rendered":"<p style=\"text-align: center;\"><strong>OGEC (Organisme de Gestion des Ecoles Catholiques)<\/strong><\/p>\n<p style=\"text-align: center;\">Il assure :<br \/>\n&#8211; la gestion financi\u00e8re de l&rsquo;\u00e9tablissement<br \/>\n&#8211; l&rsquo;entretien des b\u00e2timents<br \/>\n&#8211; les investissements immobiliers (construction, r\u00e9novation,&#8230;)<br \/>\n&#8211; les investissements mobiliers (mat\u00e9riel dans les classes, \u00e9quipements dans les locaux)<\/p>\n<p style=\"text-align: center;\">L&rsquo;Ogec, employeur, est signataire avec le chef d&rsquo;\u00e9tablissement des contrats de travail des personnels de droit priv\u00e9 (ASEM, Secr\u00e9taire).<\/p>\n","protected":false},"excerpt":{"rendered":"<p>OGEC (Organisme de Gestion des Ecoles Catholiques) Il assure : &#8211; la gestion financi\u00e8re de l&rsquo;\u00e9tablissement &#8211; l&rsquo;entretien des b\u00e2timents &#8211; les investissements immobiliers (construction, r\u00e9novation,&#8230;) &#8211; les investissements mobiliers (mat\u00e9riel dans les classes, \u00e9quipements dans les locaux) L&rsquo;Ogec, employeur, est signataire avec le chef d&rsquo;\u00e9tablissement des contrats de travail des personnels de droit priv\u00e9<\/p>\n<p><a href=\"https:\/\/stlouisdemontfort-lachevroliere.fr\/?page_id=239\" class=\"more-link themebutton\">Lire la suite<\/a><\/p>\n","protected":false},"author":2,"featured_media":0,"parent":0,"menu_order":0,"comment_status":"closed","ping_status":"closed","template":"","meta":{"ngg_post_thumbnail":0,"footnotes":""},"_links":{"self":[{"href":"https:\/\/stlouisdemontfort-lachevroliere.fr\/index.php?rest_route=\/wp\/v2\/pages\/239"}],"collection":[{"href":"https:\/\/stlouisdemontfort-lachevroliere.fr\/index.php?rest_route=\/wp\/v2\/pages"}],"about":[{"href":"https:\/\/stlouisdemontfort-lachevroliere.fr\/index.php?rest_route=\/wp\/v2\/types\/page"}],"author":[{"embeddable":true,"href":"https:\/\/stlouisdemontfort-lachevroliere.fr\/index.php?rest_route=\/wp\/v2\/users\/2"}],"replies":[{"embeddable":true,"href":"https:\/\/stlouisdemontfort-lachevroliere.fr\/index.php?rest_route=%2Fwp%2Fv2%2Fcomments&post=239"}],"version-history":[{"count":0,"href":"https:\/\/stlouisdemontfort-lachevroliere.fr\/index.php?rest_route=\/wp\/v2\/pages\/239\/revisions"}],"wp:attachment":[{"href":"https:\/\/stlouisdemontfort-lachevroliere.fr\/index.php?rest_route=%2Fwp%2Fv2%2Fmedia&parent=239"}],"curies":[{"name":"wp","href":"https:\/\/api.w.org\/{rel}","templated":true}]}}