{"id":245,"date":"2016-01-20T11:26:55","date_gmt":"2016-01-20T10:26:55","guid":{"rendered":"https:\/\/stlouisdemontfort-lachevroliere.fr\/?page_id=245"},"modified":"2025-08-09T09:51:50","modified_gmt":"2025-08-09T08:51:50","slug":"inscriptions-2","status":"publish","type":"page","link":"https:\/\/stlouisdemontfort-lachevroliere.fr\/?page_id=245","title":{"rendered":"Inscriptions"},"content":{"rendered":"<p style=\"text-align: center;\"><span style=\"color: #99cc00;\"><strong>INSCRIPTIONS 2026\/2027<\/strong><\/span><\/p>\n<p>Cette ann\u00e9e, les inscriptions des enfants n\u00e9s en 2023 commenceront d\u00e8s les vacances de la Toussaint. N&rsquo;h\u00e9sitez pas \u00e0 prendre rendez-vous.&nbsp;&nbsp;<\/p>\n<p style=\"text-align: center;\">&nbsp;<\/p>\n<p>&nbsp;<\/p>\n<div id=\"sconnect-is-installed\" style=\"display: none;\">&nbsp;<\/div>\n","protected":false},"excerpt":{"rendered":"<p>INSCRIPTIONS 2026\/2027 Cette ann\u00e9e, les inscriptions des enfants n\u00e9s en 2023 commenceront d\u00e8s les vacances de la Toussaint. N&rsquo;h\u00e9sitez pas \u00e0 prendre rendez-vous.&nbsp;&nbsp; &nbsp; &nbsp; &nbsp;<\/p>\n","protected":false},"author":2,"featured_media":0,"parent":0,"menu_order":0,"comment_status":"closed","ping_status":"closed","template":"","meta":{"ngg_post_thumbnail":0,"footnotes":""},"_links":{"self":[{"href":"https:\/\/stlouisdemontfort-lachevroliere.fr\/index.php?rest_route=\/wp\/v2\/pages\/245"}],"collection":[{"href":"https:\/\/stlouisdemontfort-lachevroliere.fr\/index.php?rest_route=\/wp\/v2\/pages"}],"about":[{"href":"https:\/\/stlouisdemontfort-lachevroliere.fr\/index.php?rest_route=\/wp\/v2\/types\/page"}],"author":[{"embeddable":true,"href":"https:\/\/stlouisdemontfort-lachevroliere.fr\/index.php?rest_route=\/wp\/v2\/users\/2"}],"replies":[{"embeddable":true,"href":"https:\/\/stlouisdemontfort-lachevroliere.fr\/index.php?rest_route=%2Fwp%2Fv2%2Fcomments&post=245"}],"version-history":[{"count":12,"href":"https:\/\/stlouisdemontfort-lachevroliere.fr\/index.php?rest_route=\/wp\/v2\/pages\/245\/revisions"}],"predecessor-version":[{"id":16797,"href":"https:\/\/stlouisdemontfort-lachevroliere.fr\/index.php?rest_route=\/wp\/v2\/pages\/245\/revisions\/16797"}],"wp:attachment":[{"href":"https:\/\/stlouisdemontfort-lachevroliere.fr\/index.php?rest_route=%2Fwp%2Fv2%2Fmedia&parent=245"}],"curies":[{"name":"wp","href":"https:\/\/api.w.org\/{rel}","templated":true}]}}