{"id":251,"date":"2016-01-20T11:42:56","date_gmt":"2016-01-20T10:42:56","guid":{"rendered":"https:\/\/stlouisdemontfort-lachevroliere.fr\/?page_id=251"},"modified":"2025-08-09T11:39:39","modified_gmt":"2025-08-09T10:39:39","slug":"actualites","status":"publish","type":"page","link":"https:\/\/stlouisdemontfort-lachevroliere.fr\/?page_id=251","title":{"rendered":"Actualit\u00e9s"},"content":{"rendered":"<p><strong>Vive la rentr\u00e9e 2025\/2026 !<\/strong><\/p>\n<p>Les \u00e9l\u00e8ves de l&rsquo;\u00e9cole Saint-Louis de Montfort feront leur rentr\u00e9e accompagn\u00e9s de toute l&rsquo;\u00e9quipe \u00e9ducative.&nbsp;<\/p>\n<p>Cette ann\u00e9e, le projet sera ax\u00e9 sur le langage oral et \u00e9crit.&nbsp;<\/p>\n<p>Vous pourrez d\u00e9couvrir durant l&rsquo;ann\u00e9e toutes les actions men\u00e9es autour de ce projet.<\/p>\n<p>&nbsp;<\/p>\n<p>&nbsp;<\/p>\n<p>&nbsp;<\/p>\n<p>&nbsp;<\/p>\n<p>&nbsp;<\/p>\n<p>&nbsp;<\/p>\n<div id=\"sconnect-is-installed\" style=\"display: none;\">&nbsp;<\/div>\n<div id=\"sconnect-is-installed\" style=\"display: none;\">&nbsp;<\/div>\n","protected":false},"excerpt":{"rendered":"<p>Vive la rentr\u00e9e 2025\/2026 ! Les \u00e9l\u00e8ves de l&rsquo;\u00e9cole Saint-Louis de Montfort feront leur rentr\u00e9e accompagn\u00e9s de toute l&rsquo;\u00e9quipe \u00e9ducative.&nbsp; Cette ann\u00e9e, le projet sera ax\u00e9 sur le langage oral et \u00e9crit.&nbsp; Vous pourrez d\u00e9couvrir durant l&rsquo;ann\u00e9e toutes les actions men\u00e9es autour de ce projet. &nbsp; &nbsp; &nbsp; &nbsp; &nbsp; &nbsp; &nbsp; &nbsp;<\/p>\n","protected":false},"author":2,"featured_media":0,"parent":0,"menu_order":0,"comment_status":"closed","ping_status":"closed","template":"","meta":{"ngg_post_thumbnail":0,"footnotes":""},"_links":{"self":[{"href":"https:\/\/stlouisdemontfort-lachevroliere.fr\/index.php?rest_route=\/wp\/v2\/pages\/251"}],"collection":[{"href":"https:\/\/stlouisdemontfort-lachevroliere.fr\/index.php?rest_route=\/wp\/v2\/pages"}],"about":[{"href":"https:\/\/stlouisdemontfort-lachevroliere.fr\/index.php?rest_route=\/wp\/v2\/types\/page"}],"author":[{"embeddable":true,"href":"https:\/\/stlouisdemontfort-lachevroliere.fr\/index.php?rest_route=\/wp\/v2\/users\/2"}],"replies":[{"embeddable":true,"href":"https:\/\/stlouisdemontfort-lachevroliere.fr\/index.php?rest_route=%2Fwp%2Fv2%2Fcomments&post=251"}],"version-history":[{"count":19,"href":"https:\/\/stlouisdemontfort-lachevroliere.fr\/index.php?rest_route=\/wp\/v2\/pages\/251\/revisions"}],"predecessor-version":[{"id":16800,"href":"https:\/\/stlouisdemontfort-lachevroliere.fr\/index.php?rest_route=\/wp\/v2\/pages\/251\/revisions\/16800"}],"wp:attachment":[{"href":"https:\/\/stlouisdemontfort-lachevroliere.fr\/index.php?rest_route=%2Fwp%2Fv2%2Fmedia&parent=251"}],"curies":[{"name":"wp","href":"https:\/\/api.w.org\/{rel}","templated":true}]}}