{"id":87,"date":"2015-12-07T20:27:25","date_gmt":"2015-12-07T19:27:25","guid":{"rendered":"https:\/\/stlouisdemontfort-lachevroliere.fr\/?page_id=87"},"modified":"2025-08-09T11:37:06","modified_gmt":"2025-08-09T10:37:06","slug":"projet-de-lecole","status":"publish","type":"page","link":"https:\/\/stlouisdemontfort-lachevroliere.fr\/?page_id=87","title":{"rendered":"Projet de l&rsquo;\u00e9cole"},"content":{"rendered":"<p style=\"text-align: center;\"><strong><span style=\"color: #ff6600;\">Projet autour du langage \u00e0 l&rsquo;\u00e9cole Saint-Louis de Montfort<\/span><\/strong><\/p>\n<p><strong>\u00ab Le langage dans tous ses \u00e9tats \u00bb<\/strong><\/p>\n<p><span style=\"color: #ff6600;\">1er axe , ann\u00e9e 2025\/2026 :<\/span><\/p>\n<p>&nbsp;Langage oral et langage \u00e9crit<\/p>\n<p><span style=\"color: #ff6600;\">2<sup>\u00e8me<\/sup> axe, ann\u00e9e 2026\/2027 : <\/span><\/p>\n<p>Langage math\u00e9matique<\/p>\n<p><span style=\"color: #ff6600;\">3<sup>\u00e8me<\/sup> axe, ann\u00e9e 2027\/2028 :<\/span><\/p>\n<p>Langage math\u00e9matique<\/p>\n<p>&nbsp;<\/p>\n<p>&nbsp;<\/p>\n","protected":false},"excerpt":{"rendered":"<p>Projet autour du langage \u00e0 l&rsquo;\u00e9cole Saint-Louis de Montfort \u00ab Le langage dans tous ses \u00e9tats \u00bb 1er axe , ann\u00e9e 2025\/2026 : &nbsp;Langage oral et langage \u00e9crit 2\u00e8me axe, ann\u00e9e 2026\/2027 : Langage math\u00e9matique 3\u00e8me axe, ann\u00e9e 2027\/2028 : Langage math\u00e9matique &nbsp; &nbsp;<\/p>\n","protected":false},"author":1,"featured_media":0,"parent":0,"menu_order":0,"comment_status":"closed","ping_status":"closed","template":"","meta":{"ngg_post_thumbnail":0,"footnotes":""},"_links":{"self":[{"href":"https:\/\/stlouisdemontfort-lachevroliere.fr\/index.php?rest_route=\/wp\/v2\/pages\/87"}],"collection":[{"href":"https:\/\/stlouisdemontfort-lachevroliere.fr\/index.php?rest_route=\/wp\/v2\/pages"}],"about":[{"href":"https:\/\/stlouisdemontfort-lachevroliere.fr\/index.php?rest_route=\/wp\/v2\/types\/page"}],"author":[{"embeddable":true,"href":"https:\/\/stlouisdemontfort-lachevroliere.fr\/index.php?rest_route=\/wp\/v2\/users\/1"}],"replies":[{"embeddable":true,"href":"https:\/\/stlouisdemontfort-lachevroliere.fr\/index.php?rest_route=%2Fwp%2Fv2%2Fcomments&post=87"}],"version-history":[{"count":5,"href":"https:\/\/stlouisdemontfort-lachevroliere.fr\/index.php?rest_route=\/wp\/v2\/pages\/87\/revisions"}],"predecessor-version":[{"id":16799,"href":"https:\/\/stlouisdemontfort-lachevroliere.fr\/index.php?rest_route=\/wp\/v2\/pages\/87\/revisions\/16799"}],"wp:attachment":[{"href":"https:\/\/stlouisdemontfort-lachevroliere.fr\/index.php?rest_route=%2Fwp%2Fv2%2Fmedia&parent=87"}],"curies":[{"name":"wp","href":"https:\/\/api.w.org\/{rel}","templated":true}]}}